{"id":511,"date":"2020-03-03T14:11:16","date_gmt":"2020-03-03T13:11:16","guid":{"rendered":"http:\/\/14emeprintemps.be\/?page_id=511"},"modified":"2020-04-28T09:46:28","modified_gmt":"2020-04-28T07:46:28","slug":"decor-scenique","status":"publish","type":"page","link":"http:\/\/14emeprintemps.be\/index.php\/decor-scenique\/","title":{"rendered":"D\u00e9cor Sc\u00e9nique"},"content":{"rendered":"<p>[et_pb_section fb_built=\u00a0\u00bb1&Prime; admin_label=\u00a0\u00bbContact Section\u00a0\u00bb _builder_version=\u00a0\u00bb3.22.7&Prime; background_color=\u00a0\u00bbrgba(144,138,116,0.58)\u00a0\u00bb use_background_color_gradient=\u00a0\u00bbon\u00a0\u00bb background_color_gradient_start=\u00a0\u00bbrgba(255,255,255,0.97)\u00a0\u00bb background_color_gradient_end=\u00a0\u00bb#a5cc74&Prime; background_color_gradient_direction=\u00a0\u00bb105deg\u00a0\u00bb background_color_gradient_start_position=\u00a0\u00bb65%\u00a0\u00bb background_color_gradient_end_position=\u00a0\u00bb65%\u00a0\u00bb background_image=\u00a0\u00bbhttp:\/\/14emeprintemps.be\/wp-content\/uploads\/2020\/04\/fond14p-2.png\u00a0\u00bb parallax=\u00a0\u00bbon\u00a0\u00bb custom_padding=\u00a0\u00bb50px||20px|\u00a0\u00bb][et_pb_row custom_padding=\u00a0\u00bb27px|0px|27px|0px\u00a0\u00bb custom_margin=\u00a0\u00bb|||\u00a0\u00bb padding_top_1=\u00a0\u00bb50px\u00a0\u00bb padding_right_1=\u00a0\u00bb5%\u00a0\u00bb padding_bottom_1=\u00a0\u00bb50px\u00a0\u00bb padding_left_1=\u00a0\u00bb10%\u00a0\u00bb admin_label=\u00a0\u00bbContact Area\u00a0\u00bb module_class=\u00a0\u00bb et_pb_row_fullwidth\u00a0\u00bb _builder_version=\u00a0\u00bb3.22.7&Prime; background_size=\u00a0\u00bbinitial\u00a0\u00bb background_position=\u00a0\u00bbtop_left\u00a0\u00bb background_repeat=\u00a0\u00bbrepeat\u00a0\u00bb width=\u00a0\u00bb89%\u00a0\u00bb width_tablet=\u00a0\u00bb80%\u00a0\u00bb width_last_edited=\u00a0\u00bbon|desktop\u00a0\u00bb max_width=\u00a0\u00bb89%\u00a0\u00bb max_width_tablet=\u00a0\u00bb80%\u00a0\u00bb max_width_last_edited=\u00a0\u00bbon|desktop\u00a0\u00bb make_fullwidth=\u00a0\u00bbon\u00a0\u00bb][et_pb_column type=\u00a0\u00bb1_2&Prime; _builder_version=\u00a0\u00bb3.0.47&Prime;][et_pb_text admin_label=\u00a0\u00bbHero Section Title\u00a0\u00bb _builder_version=\u00a0\u00bb3.22.7&Prime; text_font=\u00a0\u00bbMontserrat||||||||\u00a0\u00bb text_text_color=\u00a0\u00bb#6a6152&Prime; text_font_size=\u00a0\u00bb18px\u00a0\u00bb text_line_height=\u00a0\u00bb1.8em\u00a0\u00bb header_font=\u00a0\u00bbMontserrat|600||on|||||\u00a0\u00bb header_text_color=\u00a0\u00bb#6a6152&Prime; header_font_size=\u00a0\u00bb48px\u00a0\u00bb header_font_size_phone=\u00a0\u00bb28px\u00a0\u00bb header_font_size_last_edited=\u00a0\u00bbon|phone\u00a0\u00bb header_letter_spacing=\u00a0\u00bb3px\u00a0\u00bb header_line_height=\u00a0\u00bb1.3em\u00a0\u00bb header_2_font=\u00a0\u00bbMontserrat|700|||||||\u00a0\u00bb header_2_text_color=\u00a0\u00bb#6a6152&Prime; header_2_font_size=\u00a0\u00bb90px\u00a0\u00bb header_2_font_size_phone=\u00a0\u00bb50px\u00a0\u00bb header_2_font_size_last_edited=\u00a0\u00bbon|phone\u00a0\u00bb header_2_letter_spacing=\u00a0\u00bb3px\u00a0\u00bb header_2_line_height=\u00a0\u00bb1.1em\u00a0\u00bb header_3_font=\u00a0\u00bb||||||||\u00a0\u00bb header_3_text_color=\u00a0\u00bb#6a6152&Prime; max_width=\u00a0\u00bb700px\u00a0\u00bb module_alignment=\u00a0\u00bbleft\u00a0\u00bb custom_margin=\u00a0\u00bb|||\u00a0\u00bb animation_style=\u00a0\u00bbfade\u00a0\u00bb animation_direction=\u00a0\u00bbbottom\u00a0\u00bb animation_starting_opacity=\u00a0\u00bb100%\u00a0\u00bb]<\/p>\n<h1 style=\"text-align: justify;\">D\u00e9cor Sc\u00e9nique<\/h1>\n<p style=\"text-align: justify;\">Festivals, petits et grands, \u00e9v\u00e8nements priv\u00e9s, nous nous adaptons. Nous pensons et fabriquons de toute pi\u00e8ce une sc\u00e8ne, un d\u00e9cor \u00e0 l\u2019image de votre \u00e9v\u00e8nement.<\/p>\n<p style=\"text-align: justify;\">Nos r\u00e9alisations varient selon les atmosph\u00e8res et les mat\u00e9riaux utilis\u00e9s. Terrasses \u00e9ph\u00e9m\u00e8res, Garden party, terrain de golf, pool party, patinoires, chalets, discoth\u00e8ques. Chaque ambiance est unique.<\/p>\n<p style=\"text-align: justify;\">\n<p style=\"text-align: justify;\">\n<pre><span style=\"color: #a5cc74;\">#Location #D\u00e9cor #\u00c9v\u00e8nementiel<\/span><br \/><span style=\"color: #a5cc74;\">#Plantes #Design #Mobilier #\u00c9v\u00e8nement<\/span><br \/><span style=\"color: #a5cc74;\">#Naturel #V\u00e9g\u00e9tal #\u00c9vent #Stand<\/span><br \/><span style=\"color: #a5cc74;\">#Automobile #Palmier #Cr\u00e9ation #Murv\u00e9g\u00e9tal<\/span><\/pre>\n<p>&nbsp;<\/p>\n<p>[\/et_pb_text][\/et_pb_column][et_pb_column type=\u00a0\u00bb1_2&Prime; _builder_version=\u00a0\u00bb3.0.47&Prime;][et_pb_image src=\u00a0\u00bbhttp:\/\/14emeprintemps.be\/wp-content\/uploads\/2020\/03\/11722614_843952819033179_1269246468182711306_o2.jpg\u00a0\u00bb force_fullwidth=\u00a0\u00bbon\u00a0\u00bb _builder_version=\u00a0\u00bb3.22.7&Prime; animation_style=\u00a0\u00bbslide\u00a0\u00bb animation_direction=\u00a0\u00bbright\u00a0\u00bb animation_intensity_slide=\u00a0\u00bb20%\u00a0\u00bb animation_starting_opacity=\u00a0\u00bb100%\u00a0\u00bb][\/et_pb_image][\/et_pb_column][\/et_pb_row][\/et_pb_section][et_pb_section fb_built=\u00a0\u00bb1&Prime; _builder_version=\u00a0\u00bb3.22.7&Prime; locked=\u00a0\u00bboff\u00a0\u00bb][et_pb_row custom_padding=\u00a0\u00bb0px||0px||true\u00a0\u00bb custom_margin=\u00a0\u00bb||\u00a0\u00bb _builder_version=\u00a0\u00bb3.22.7&Prime; width=\u00a0\u00bb100%\u00a0\u00bb max_width=\u00a0\u00bb1731px\u00a0\u00bb][et_pb_column type=\u00a0\u00bb4_4&Prime; _builder_version=\u00a0\u00bb3.22.7&Prime;][et_pb_gallery gallery_ids=\u00a0\u00bb623,622,621,620,619,618,617,616,615,614,613,833&Prime; posts_number=\u00a0\u00bb20&Prime; show_title_and_caption=\u00a0\u00bboff\u00a0\u00bb _builder_version=\u00a0\u00bb3.22.7&Prime; title_font=\u00a0\u00bb||||||||\u00a0\u00bb border_color_all_image=\u00a0\u00bb#ffffff\u00a0\u00bb custom_margin=\u00a0\u00bb|||\u00a0\u00bb custom_padding=\u00a0\u00bb||\u00a0\u00bb animation_style=\u00a0\u00bbfade\u00a0\u00bb][\/et_pb_gallery][\/et_pb_column][\/et_pb_row][\/et_pb_section][et_pb_section fb_built=\u00a0\u00bb1&Prime; admin_label=\u00a0\u00bbFooter\u00a0\u00bb _builder_version=\u00a0\u00bb3.22.7&Prime; use_background_color_gradient=\u00a0\u00bbon\u00a0\u00bb background_color_gradient_start=\u00a0\u00bb#eaeaea\u00a0\u00bb background_color_gradient_end=\u00a0\u00bbrgba(255,255,255,0)\u00a0\u00bb background_color_gradient_direction=\u00a0\u00bb90deg\u00a0\u00bb background_color_gradient_start_position=\u00a0\u00bb40%\u00a0\u00bb background_color_gradient_overlays_image=\u00a0\u00bbon\u00a0\u00bb background_image=\u00a0\u00bbhttp:\/\/14emeprintemps.be\/wp-content\/uploads\/2020\/03\/11722614_843952819033179_1269246468182711306_o2.jpg\u00a0\u00bb background_position=\u00a0\u00bbcenter_left\u00a0\u00bb width=\u00a0\u00bb100%\u00a0\u00bb max_width=\u00a0\u00bb100%\u00a0\u00bb max_width_last_edited=\u00a0\u00bbon|desktop\u00a0\u00bb custom_padding=\u00a0\u00bb0px||0px||true|false\u00a0\u00bb locked=\u00a0\u00bboff\u00a0\u00bb][et_pb_row use_custom_gutter=\u00a0\u00bbon\u00a0\u00bb custom_padding=\u00a0\u00bb0px||5vw||false\u00a0\u00bb custom_margin=\u00a0\u00bb||60px\u00a0\u00bb make_equal=\u00a0\u00bbon\u00a0\u00bb custom_padding_last_edited=\u00a0\u00bbon|phone\u00a0\u00bb _builder_version=\u00a0\u00bb3.22.7&Prime; background_image=\u00a0\u00bbhttp:\/\/14emeprintemps.be\/wp-content\/uploads\/2020\/02\/calligraphy_68.png\u00a0\u00bb background_position=\u00a0\u00bbbottom_center\u00a0\u00bb width=\u00a0\u00bb100%\u00a0\u00bb max_width=\u00a0\u00bb100%\u00a0\u00bb min_height=\u00a0\u00bb27px\u00a0\u00bb][et_pb_column type=\u00a0\u00bb4_4&Prime; _builder_version=\u00a0\u00bb3.22.5&Prime;][et_pb_text _builder_version=\u00a0\u00bb3.22.7&Prime; text_font=\u00a0\u00bbAllura||||||||\u00a0\u00bb text_font_size=\u00a0\u00bb28vw\u00a0\u00bb text_line_height=\u00a0\u00bb0.2em\u00a0\u00bb header_3_font=\u00a0\u00bb||||||||\u00a0\u00bb text_orientation=\u00a0\u00bbright\u00a0\u00bb filter_opacity=\u00a0\u00bb9%\u00a0\u00bb locked=\u00a0\u00bboff\u00a0\u00bb][\/et_pb_text][\/et_pb_column][\/et_pb_row][et_pb_row custom_padding=\u00a0\u00bb|40px||40px||\u00a0\u00bb custom_margin=\u00a0\u00bb||60px\u00a0\u00bb _builder_version=\u00a0\u00bb3.22.7&Prime; background_size=\u00a0\u00bbinitial\u00a0\u00bb background_position=\u00a0\u00bbtop_right\u00a0\u00bb border_width_all=\u00a0\u00bb1px\u00a0\u00bb border_color_all=\u00a0\u00bbrgba(0,0,0,0.12)\u00a0\u00bb locked=\u00a0\u00bboff\u00a0\u00bb][et_pb_column type=\u00a0\u00bb4_4&Prime; _builder_version=\u00a0\u00bb3.22&Prime;][et_pb_text _builder_version=\u00a0\u00bb3.22.7&Prime; header_font=\u00a0\u00bb||||||||\u00a0\u00bb header_2_font=\u00a0\u00bbMuli|800||on|||||\u00a0\u00bb header_2_font_size=\u00a0\u00bb12px\u00a0\u00bb header_2_letter_spacing=\u00a0\u00bb0.7em\u00a0\u00bb transform_scale_last_edited=\u00a0\u00bbon|tablet\u00a0\u00bb transform_translate=\u00a0\u00bb-100px|100px\u00a0\u00bb transform_translate_tablet=\u00a0\u00bb0px|0px\u00a0\u00bb transform_translate_last_edited=\u00a0\u00bbon|tablet\u00a0\u00bb transform_translate_linked=\u00a0\u00bboff\u00a0\u00bb transform_rotate=\u00a0\u00bb0deg|0deg|270deg\u00a0\u00bb transform_rotate_tablet=\u00a0\u00bb0deg|0deg|0deg\u00a0\u00bb transform_rotate_last_edited=\u00a0\u00bbon|desktop\u00a0\u00bb transform_skew_last_edited=\u00a0\u00bbon|desktop\u00a0\u00bb transform_origin=\u00a0\u00bb0%|50%\u00a0\u00bb transform_origin_last_edited=\u00a0\u00bbon|desktop\u00a0\u00bb transform_styles_last_edited=\u00a0\u00bbon|tablet\u00a0\u00bb max_width=\u00a0\u00bb280px\u00a0\u00bb custom_margin=\u00a0\u00bb||-60px\u00a0\u00bb custom_margin_tablet=\u00a0\u00bb||20px\u00a0\u00bb custom_margin_last_edited=\u00a0\u00bbon|tablet\u00a0\u00bb locked=\u00a0\u00bboff\u00a0\u00bb]<\/p>\n<h2>Let&rsquo;s Get Started<\/h2>\n<p>[\/et_pb_text][et_pb_text _builder_version=\u00a0\u00bb3.22.7&Prime; header_font=\u00a0\u00bb||||||||\u00a0\u00bb header_3_font=\u00a0\u00bbMontserrat|600|||||||\u00a0\u00bb header_3_font_size=\u00a0\u00bb70px\u00a0\u00bb header_3_font_size_tablet=\u00a0\u00bb50px\u00a0\u00bb header_3_font_size_phone=\u00a0\u00bb30px\u00a0\u00bb header_3_font_size_last_edited=\u00a0\u00bbon|phone\u00a0\u00bb header_3_line_height=\u00a0\u00bb1.2em\u00a0\u00bb use_background_color_gradient=\u00a0\u00bbon\u00a0\u00bb background_color_gradient_start=\u00a0\u00bb#eaeaea\u00a0\u00bb background_color_gradient_end=\u00a0\u00bbrgba(255,255,255,0)\u00a0\u00bb background_color_gradient_direction=\u00a0\u00bb90deg\u00a0\u00bb background_color_gradient_start_position=\u00a0\u00bb20%\u00a0\u00bb background_color_gradient_end_position=\u00a0\u00bb50%\u00a0\u00bb max_width=\u00a0\u00bb700px\u00a0\u00bb custom_margin=\u00a0\u00bb||80px|-70px||\u00a0\u00bb custom_margin_tablet=\u00a0\u00bb0px||\u00a0\u00bb custom_margin_phone=\u00a0\u00bb|||-56px\u00a0\u00bb custom_margin_last_edited=\u00a0\u00bbon|phone\u00a0\u00bb]<\/p>\n<h3>Cr\u00e9ons <br \/>l&rsquo;impr\u00e9visible ?<\/h3>\n<p>[\/et_pb_text][et_pb_button button_url=\u00a0\u00bbhttp:\/\/14emeprintemps.be\/index.php\/156-2\/\u00a0\u00bb button_text=\u00a0\u00bbDIscutons de votre projet\u00a0\u00bb button_alignment=\u00a0\u00bbright\u00a0\u00bb _builder_version=\u00a0\u00bb3.22.7&Prime; custom_button=\u00a0\u00bbon\u00a0\u00bb button_text_size=\u00a0\u00bb12px\u00a0\u00bb button_text_color=\u00a0\u00bb#ffffff\u00a0\u00bb button_bg_color=\u00a0\u00bb#a5cc74&Prime; button_border_width=\u00a0\u00bb0px\u00a0\u00bb button_border_radius=\u00a0\u00bb0px\u00a0\u00bb button_letter_spacing=\u00a0\u00bb4px\u00a0\u00bb button_font=\u00a0\u00bbMuli|600||on|||||\u00a0\u00bb custom_margin=\u00a0\u00bb||-60px|\u00a0\u00bb custom_padding=\u00a0\u00bb20px|30px|20px|30px|true|true\u00a0\u00bb][\/et_pb_button][\/et_pb_column][\/et_pb_row][\/et_pb_section]<\/p>\n","protected":false},"excerpt":{"rendered":"<p>D\u00e9cor Sc\u00e9nique Festivals, petits et grands, \u00e9v\u00e8nements priv\u00e9s, nous nous adaptons. Nous pensons et fabriquons de toute pi\u00e8ce une sc\u00e8ne, un d\u00e9cor \u00e0 l\u2019image de votre \u00e9v\u00e8nement. Nos r\u00e9alisations varient selon les atmosph\u00e8res et les mat\u00e9riaux utilis\u00e9s. Terrasses \u00e9ph\u00e9m\u00e8res, Garden party, terrain de golf, pool party, patinoires, chalets, discoth\u00e8ques. Chaque ambiance est unique. #Location #D\u00e9cor [&hellip;]<\/p>\n","protected":false},"author":1,"featured_media":0,"parent":0,"menu_order":0,"comment_status":"closed","ping_status":"closed","template":"","meta":{"_et_pb_use_builder":"on","_et_pb_old_content":"","_et_gb_content_width":""},"_links":{"self":[{"href":"http:\/\/14emeprintemps.be\/index.php\/wp-json\/wp\/v2\/pages\/511"}],"collection":[{"href":"http:\/\/14emeprintemps.be\/index.php\/wp-json\/wp\/v2\/pages"}],"about":[{"href":"http:\/\/14emeprintemps.be\/index.php\/wp-json\/wp\/v2\/types\/page"}],"author":[{"embeddable":true,"href":"http:\/\/14emeprintemps.be\/index.php\/wp-json\/wp\/v2\/users\/1"}],"replies":[{"embeddable":true,"href":"http:\/\/14emeprintemps.be\/index.php\/wp-json\/wp\/v2\/comments?post=511"}],"version-history":[{"count":9,"href":"http:\/\/14emeprintemps.be\/index.php\/wp-json\/wp\/v2\/pages\/511\/revisions"}],"predecessor-version":[{"id":851,"href":"http:\/\/14emeprintemps.be\/index.php\/wp-json\/wp\/v2\/pages\/511\/revisions\/851"}],"wp:attachment":[{"href":"http:\/\/14emeprintemps.be\/index.php\/wp-json\/wp\/v2\/media?parent=511"}],"curies":[{"name":"wp","href":"https:\/\/api.w.org\/{rel}","templated":true}]}}