{"id":381,"date":"2020-02-17T14:58:19","date_gmt":"2020-02-17T13:58:19","guid":{"rendered":"http:\/\/14emeprintemps.be\/?page_id=381"},"modified":"2020-04-28T09:49:56","modified_gmt":"2020-04-28T07:49:56","slug":"qui-sommes-nous","status":"publish","type":"page","link":"http:\/\/14emeprintemps.be\/index.php\/qui-sommes-nous\/","title":{"rendered":"Qui Sommes Nous ?"},"content":{"rendered":"<p>[et_pb_section fb_built=\u00a0\u00bb1&Prime; _builder_version=\u00a0\u00bb3.22.7&Prime;][et_pb_row use_custom_gutter=\u00a0\u00bbon\u00a0\u00bb gutter_width=\u00a0\u00bb1&Prime; custom_padding=\u00a0\u00bb0px||0px|||\u00a0\u00bb make_equal=\u00a0\u00bbon\u00a0\u00bb bg_img_2=\u00a0\u00bbhttp:\/\/14emeprintemps.be\/wp-content\/uploads\/2019\/05\/54381509_2134404756654639_144392419624878080_o.jpg\u00a0\u00bb parallax_2=\u00a0\u00bbon\u00a0\u00bb padding_top_1=\u00a0\u00bb3%\u00a0\u00bb padding_right_1=\u00a0\u00bb8%\u00a0\u00bb padding_bottom_1=\u00a0\u00bb4%\u00a0\u00bb padding_left_1=\u00a0\u00bb8%\u00a0\u00bb module_id=\u00a0\u00bbquisommesnous\u00a0\u00bb module_class=\u00a0\u00bb et_pb_row_fullwidth\u00a0\u00bb _builder_version=\u00a0\u00bb3.22.7&Prime; background_color=\u00a0\u00bb#a5cc74&Prime; background_image=\u00a0\u00bbhttp:\/\/14emeprintemps.be\/wp-content\/uploads\/2020\/04\/fond14p50.png\u00a0\u00bb parallax=\u00a0\u00bbon\u00a0\u00bb width=\u00a0\u00bb100%\u00a0\u00bb width_tablet=\u00a0\u00bb100%\u00a0\u00bb width_last_edited=\u00a0\u00bbon|desktop\u00a0\u00bb max_width=\u00a0\u00bb100%\u00a0\u00bb max_width_tablet=\u00a0\u00bb100%\u00a0\u00bb max_width_last_edited=\u00a0\u00bbon|desktop\u00a0\u00bb animation_style=\u00a0\u00bbslide\u00a0\u00bb animation_direction=\u00a0\u00bbtop\u00a0\u00bb animation_intensity_slide=\u00a0\u00bb3%\u00a0\u00bb make_fullwidth=\u00a0\u00bbon\u00a0\u00bb][et_pb_column type=\u00a0\u00bb1_2&Prime; _builder_version=\u00a0\u00bb3.0.47&Prime;][et_pb_text _builder_version=\u00a0\u00bb3.22.7&Prime; text_font=\u00a0\u00bbMontserrat|500||on|||||\u00a0\u00bb text_text_color=\u00a0\u00bb#353740&Prime; text_font_size=\u00a0\u00bb16px\u00a0\u00bb text_letter_spacing=\u00a0\u00bb3px\u00a0\u00bb background_size=\u00a0\u00bbinitial\u00a0\u00bb background_position=\u00a0\u00bbtop_left\u00a0\u00bb background_repeat=\u00a0\u00bbrepeat\u00a0\u00bb custom_margin=\u00a0\u00bb||15px|\u00a0\u00bb custom_padding=\u00a0\u00bb||3px|||\u00a0\u00bb animation_style=\u00a0\u00bbslide\u00a0\u00bb animation_direction=\u00a0\u00bbbottom\u00a0\u00bb locked=\u00a0\u00bboff\u00a0\u00bb]<\/p>\n<h4 clas=\"line-title\" data-scrollreveal=\"enter top over 0.5s after 0.3s\" data-sr-init=\"true\" data-sr-complete=\"true\">Qui sommes- nous ?<\/h4>\n<p>[\/et_pb_text][et_pb_text _builder_version=\u00a0\u00bb3.22.7&Prime; text_font=\u00a0\u00bb||||||||\u00a0\u00bb header_font=\u00a0\u00bbMontserrat|700||on|||||\u00a0\u00bb header_text_color=\u00a0\u00bb#f7f7f7&Prime; header_font_size=\u00a0\u00bb60px\u00a0\u00bb header_font_size_last_edited=\u00a0\u00bboff|desktop\u00a0\u00bb header_line_height=\u00a0\u00bb1.3em\u00a0\u00bb background_size=\u00a0\u00bbinitial\u00a0\u00bb background_position=\u00a0\u00bbtop_left\u00a0\u00bb background_repeat=\u00a0\u00bbrepeat\u00a0\u00bb custom_margin=\u00a0\u00bb||10px|\u00a0\u00bb animation_style=\u00a0\u00bbfade\u00a0\u00bb locked=\u00a0\u00bboff\u00a0\u00bb][\/et_pb_text][et_pb_text _builder_version=\u00a0\u00bb3.22.7&Prime; text_font=\u00a0\u00bbMontserrat||||\u00a0\u00bb text_text_color=\u00a0\u00bb#353740&Prime; text_font_size=\u00a0\u00bb20px\u00a0\u00bb text_line_height=\u00a0\u00bb1.8em\u00a0\u00bb header_font=\u00a0\u00bb||||||||\u00a0\u00bb background_size=\u00a0\u00bbinitial\u00a0\u00bb background_position=\u00a0\u00bbtop_left\u00a0\u00bb background_repeat=\u00a0\u00bbrepeat\u00a0\u00bb custom_margin=\u00a0\u00bb||50px|\u00a0\u00bb animation_style=\u00a0\u00bbslide\u00a0\u00bb animation_direction=\u00a0\u00bbtop\u00a0\u00bb animation_intensity_slide=\u00a0\u00bb17%\u00a0\u00bb locked=\u00a0\u00bboff\u00a0\u00bb]<\/p>\n<div class=\"line-tagline\">\n<p style=\"text-align: justify;\">Cr\u00e9\u00e9e en 2006, Son pr\u00e9curseur, Gilles, est aujourd\u2019hui \u00e0 la t\u00eate d\u2019une entreprise innovante, r\u00e9put\u00e9e dans le monde de l\u2019\u00e9v\u00e8nementiel partout en Belgique et au Luxembourg .<br \/> Son talent est connu surtout gr\u00e2ce \u00e0 une passion inou\u00efe, une cr\u00e9ativit\u00e9 d\u00e9bordante ainsi qu\u2019un professionnalisme distingu\u00e9.<\/p>\n<p style=\"text-align: justify;\">14\u00e8me Printemps est sp\u00e9cialis\u00e9 dans la location de mat\u00e9riel, d\u00e9cor aquatique, floral, atmosph\u00e8re v\u00e9g\u00e9tale, cadre sc\u00e9nique, ambiance d\u2019hiver, pr\u00e9sentation de voiture, fabrication et installation de stands de tous types et bien d\u2019autres services encore .<br \/> Toute cette organisation est stock\u00e9e et entrepos\u00e9e sur plus de 2000 m\u00b2, avec les v\u00e9hicules adapt\u00e9s.<\/p>\n<p style=\"text-align: justify;\">Cette entreprise locale conseille et vous oriente afin de faire de votre \u00e9v\u00e8nement, un moment d\u2019exception. A l\u2019\u00e9coute de sa client\u00e8le, son cr\u00e9ateur vous garanti un r\u00e9sultat exclusif qui d\u00e9passe toutes vos attentes.<\/p>\n<p style=\"text-align: justify;\">Nous r\u00e9alisons l\u2019impr\u00e9visible.<\/p>\n<\/div>\n<p>[\/et_pb_text][\/et_pb_column][et_pb_column type=\u00a0\u00bb1_2&Prime; _builder_version=\u00a0\u00bb3.0.47&Prime;][\/et_pb_column][\/et_pb_row][\/et_pb_section]<\/p>\n","protected":false},"excerpt":{"rendered":"<p>Qui sommes- nous ? Cr\u00e9\u00e9e en 2006, Son pr\u00e9curseur, Gilles, est aujourd\u2019hui \u00e0 la t\u00eate d\u2019une entreprise innovante, r\u00e9put\u00e9e dans le monde de l\u2019\u00e9v\u00e8nementiel partout en Belgique et au Luxembourg . Son talent est connu surtout gr\u00e2ce \u00e0 une passion inou\u00efe, une cr\u00e9ativit\u00e9 d\u00e9bordante ainsi qu\u2019un professionnalisme distingu\u00e9. 14\u00e8me Printemps est sp\u00e9cialis\u00e9 dans la location [&hellip;]<\/p>\n","protected":false},"author":1,"featured_media":0,"parent":0,"menu_order":0,"comment_status":"closed","ping_status":"closed","template":"","meta":{"_et_pb_use_builder":"on","_et_pb_old_content":"","_et_gb_content_width":""},"_links":{"self":[{"href":"http:\/\/14emeprintemps.be\/index.php\/wp-json\/wp\/v2\/pages\/381"}],"collection":[{"href":"http:\/\/14emeprintemps.be\/index.php\/wp-json\/wp\/v2\/pages"}],"about":[{"href":"http:\/\/14emeprintemps.be\/index.php\/wp-json\/wp\/v2\/types\/page"}],"author":[{"embeddable":true,"href":"http:\/\/14emeprintemps.be\/index.php\/wp-json\/wp\/v2\/users\/1"}],"replies":[{"embeddable":true,"href":"http:\/\/14emeprintemps.be\/index.php\/wp-json\/wp\/v2\/comments?post=381"}],"version-history":[{"count":5,"href":"http:\/\/14emeprintemps.be\/index.php\/wp-json\/wp\/v2\/pages\/381\/revisions"}],"predecessor-version":[{"id":853,"href":"http:\/\/14emeprintemps.be\/index.php\/wp-json\/wp\/v2\/pages\/381\/revisions\/853"}],"wp:attachment":[{"href":"http:\/\/14emeprintemps.be\/index.php\/wp-json\/wp\/v2\/media?parent=381"}],"curies":[{"name":"wp","href":"https:\/\/api.w.org\/{rel}","templated":true}]}}